{"id":2,"date":"2021-06-08T03:43:38","date_gmt":"2021-06-08T03:43:38","guid":{"rendered":"https:\/\/rafaelmoura.net\/music\/?page_id=2"},"modified":"2023-08-19T18:06:34","modified_gmt":"2023-08-19T21:06:34","slug":"sample-page","status":"publish","type":"page","link":"https:\/\/rafaelmoura.net\/music\/","title":{"rendered":"DJ Rafael Moura"},"content":{"rendered":"[vc_row type=&#8221;full_width_content&#8221; full_screen_row_position=&#8221;middle&#8221; column_margin=&#8221;default&#8221; column_direction=&#8221;default&#8221; column_direction_tablet=&#8221;default&#8221; column_direction_phone=&#8221;default&#8221; bg_color=&#8221;#3b0089&#8243; video_bg=&#8221;use_video&#8221; video_mp4=&#8221;https:\/\/rafaelmoura.net\/music\/wp-content\/uploads\/2021\/08\/4k-loop-of-abstract-moving-neon-waves-background-JGND37D.mp4&#8243; background_video_loading=&#8221;default&#8221; scene_position=&#8221;center&#8221; top_padding=&#8221;4%&#8221; bottom_padding=&#8221;5%&#8221; text_color=&#8221;light&#8221; text_align=&#8221;left&#8221; row_border_radius=&#8221;none&#8221; row_border_radius_applies=&#8221;bg&#8221; overflow=&#8221;visible&#8221; overlay_strength=&#8221;0.3&#8243; gradient_direction=&#8221;left_to_right&#8221; shape_divider_position=&#8221;bottom&#8221; bg_image_animation=&#8221;none&#8221; shape_type=&#8221;&#8221;][vc_column column_padding=&#8221;padding-6-percent&#8221; column_padding_tablet=&#8221;inherit&#8221; column_padding_phone=&#8221;inherit&#8221; column_padding_position=&#8221;all&#8221; column_element_direction_desktop=&#8221;default&#8221; column_element_spacing=&#8221;default&#8221; desktop_text_alignment=&#8221;default&#8221; tablet_text_alignment=&#8221;default&#8221; phone_text_alignment=&#8221;default&#8221; background_color_opacity=&#8221;1&#8243; background_hover_color_opacity=&#8221;1&#8243; column_backdrop_filter=&#8221;none&#8221; column_shadow=&#8221;none&#8221; column_border_radius=&#8221;none&#8221; column_link_target=&#8221;_self&#8221; column_position=&#8221;default&#8221; gradient_direction=&#8221;left_to_right&#8221; overlay_strength=&#8221;0.3&#8243; width=&#8221;1\/1&#8243; tablet_width_inherit=&#8221;default&#8221; animation_type=&#8221;default&#8221; bg_image_animation=&#8221;none&#8221; border_type=&#8221;simple&#8221; column_border_width=&#8221;none&#8221; column_border_style=&#8221;solid&#8221;][vc_row_inner column_margin=&#8221;default&#8221; column_direction=&#8221;default&#8221; column_direction_tablet=&#8221;default&#8221; column_direction_phone=&#8221;default&#8221; text_align=&#8221;left&#8221; row_position=&#8221;default&#8221; row_position_tablet=&#8221;inherit&#8221; row_position_phone=&#8221;inherit&#8221; overflow=&#8221;visible&#8221; pointer_events=&#8221;all&#8221;][vc_column_inner column_padding=&#8221;no-extra-padding&#8221; column_padding_tablet=&#8221;inherit&#8221; column_padding_phone=&#8221;inherit&#8221; column_padding_position=&#8221;all&#8221; column_element_direction_desktop=&#8221;default&#8221; column_element_spacing=&#8221;default&#8221; desktop_text_alignment=&#8221;default&#8221; tablet_text_alignment=&#8221;default&#8221; phone_text_alignment=&#8221;default&#8221; background_color_opacity=&#8221;1&#8243; background_hover_color_opacity=&#8221;1&#8243; column_backdrop_filter=&#8221;none&#8221; column_shadow=&#8221;none&#8221; column_border_radius=&#8221;none&#8221; column_link_target=&#8221;_self&#8221; overflow=&#8221;visible&#8221; gradient_direction=&#8221;left_to_right&#8221; overlay_strength=&#8221;0.3&#8243; width=&#8221;1\/3&#8243; tablet_width_inherit=&#8221;default&#8221; animation_type=&#8221;default&#8221; bg_image_animation=&#8221;none&#8221; border_type=&#8221;simple&#8221; column_border_width=&#8221;none&#8221; column_border_style=&#8221;solid&#8221;][vc_column_text]\n<h1>DJ Rafael Moura<\/h1>\n<p>Tendo como principal refer\u00eancia o som de Chicago e Detroit, Moura se destaca por sets de extremo bom gosto e dom\u00ednio de pista.<\/p>\n<p>residente @glitch[\/vc_column_text][\/vc_column_inner][vc_column_inner column_padding=&#8221;no-extra-padding&#8221; column_padding_tablet=&#8221;inherit&#8221; column_padding_phone=&#8221;inherit&#8221; column_padding_position=&#8221;all&#8221; column_element_direction_desktop=&#8221;default&#8221; column_element_spacing=&#8221;default&#8221; desktop_text_alignment=&#8221;default&#8221; tablet_text_alignment=&#8221;default&#8221; phone_text_alignment=&#8221;default&#8221; background_color_opacity=&#8221;1&#8243; background_hover_color_opacity=&#8221;1&#8243; column_backdrop_filter=&#8221;none&#8221; column_shadow=&#8221;none&#8221; column_border_radius=&#8221;none&#8221; column_link_target=&#8221;_self&#8221; overflow=&#8221;visible&#8221; gradient_direction=&#8221;left_to_right&#8221; overlay_strength=&#8221;0.3&#8243; width=&#8221;1\/3&#8243; tablet_width_inherit=&#8221;default&#8221; animation_type=&#8221;default&#8221; bg_image_animation=&#8221;none&#8221; border_type=&#8221;simple&#8221; column_border_width=&#8221;none&#8221; column_border_style=&#8221;solid&#8221;][\/vc_column_inner][vc_column_inner column_padding=&#8221;no-extra-padding&#8221; column_padding_tablet=&#8221;inherit&#8221; column_padding_phone=&#8221;inherit&#8221; column_padding_position=&#8221;all&#8221; column_element_direction_desktop=&#8221;default&#8221; column_element_spacing=&#8221;default&#8221; desktop_text_alignment=&#8221;default&#8221; tablet_text_alignment=&#8221;default&#8221; phone_text_alignment=&#8221;default&#8221; background_color_opacity=&#8221;1&#8243; background_hover_color_opacity=&#8221;1&#8243; column_backdrop_filter=&#8221;none&#8221; column_shadow=&#8221;none&#8221; column_border_radius=&#8221;none&#8221; column_link_target=&#8221;_self&#8221; overflow=&#8221;visible&#8221; gradient_direction=&#8221;left_to_right&#8221; overlay_strength=&#8221;0.3&#8243; width=&#8221;1\/3&#8243; tablet_width_inherit=&#8221;default&#8221; animation_type=&#8221;default&#8221; bg_image_animation=&#8221;none&#8221; border_type=&#8221;simple&#8221; column_border_width=&#8221;none&#8221; column_border_style=&#8221;solid&#8221;][\/vc_column_inner][\/vc_row_inner][vc_row_inner column_margin=&#8221;default&#8221; column_direction=&#8221;default&#8221; column_direction_tablet=&#8221;default&#8221; column_direction_phone=&#8221;default&#8221; text_align=&#8221;left&#8221; row_position=&#8221;default&#8221; row_position_tablet=&#8221;inherit&#8221; row_position_phone=&#8221;inherit&#8221; overflow=&#8221;visible&#8221; pointer_events=&#8221;all&#8221;][vc_column_inner column_padding=&#8221;no-extra-padding&#8221; column_padding_tablet=&#8221;inherit&#8221; column_padding_phone=&#8221;inherit&#8221; column_padding_position=&#8221;all&#8221; column_element_direction_desktop=&#8221;default&#8221; column_element_spacing=&#8221;default&#8221; desktop_text_alignment=&#8221;default&#8221; tablet_text_alignment=&#8221;default&#8221; phone_text_alignment=&#8221;default&#8221; background_color_opacity=&#8221;1&#8243; background_hover_color_opacity=&#8221;1&#8243; column_backdrop_filter=&#8221;none&#8221; column_shadow=&#8221;none&#8221; column_border_radius=&#8221;none&#8221; column_link_target=&#8221;_self&#8221; overflow=&#8221;visible&#8221; gradient_direction=&#8221;left_to_right&#8221; overlay_strength=&#8221;0.3&#8243; width=&#8221;1\/1&#8243; tablet_width_inherit=&#8221;default&#8221; animation_type=&#8221;default&#8221; bg_image_animation=&#8221;none&#8221; border_type=&#8221;simple&#8221; column_border_width=&#8221;none&#8221; column_border_style=&#8221;solid&#8221;][nectar_blog layout=&#8221;masonry-blog-fullwidth&#8221; blog_masonry_style=&#8221;auto_meta_overlaid_spaced&#8221; auto_masonry_spacing=&#8221;4px&#8221; load_in_animation=&#8221;none&#8221; category=&#8221;all&#8221; order=&#8221;DESC&#8221; orderby=&#8221;date&#8221; posts_per_page=&#8221;8&#8243; post_offset=&#8221;1&#8243;][\/vc_column_inner][\/vc_row_inner][\/vc_column][\/vc_row]\n","protected":false},"excerpt":{"rendered":"<p>[vc_row type=&#8221;full_width_content&#8221; full_screen_row_position=&#8221;middle&#8221; column_margin=&#8221;default&#8221; column_direction=&#8221;default&#8221; column_direction_tablet=&#8221;default&#8221; column_direction_phone=&#8221;default&#8221; bg_color=&#8221;#3b0089&#8243; video_bg=&#8221;use_video&#8221; video_mp4=&#8221;https:\/\/rafaelmoura.net\/music\/wp-content\/uploads\/2021\/08\/4k-loop-of-abstract-moving-neon-waves-background-JGND37D.mp4&#8243; background_video_loading=&#8221;default&#8221; scene_position=&#8221;center&#8221; top_padding=&#8221;4%&#8221; bottom_padding=&#8221;5%&#8221; text_color=&#8221;light&#8221; text_align=&#8221;left&#8221; row_border_radius=&#8221;none&#8221; row_border_radius_applies=&#8221;bg&#8221; overflow=&#8221;visible&#8221; overlay_strength=&#8221;0.3&#8243; gradient_direction=&#8221;left_to_right&#8221; shape_divider_position=&#8221;bottom&#8221; bg_image_animation=&#8221;none&#8221; shape_type=&#8221;&#8221;][vc_column column_padding=&#8221;padding-6-percent&#8221; column_padding_tablet=&#8221;inherit&#8221; column_padding_phone=&#8221;inherit&#8221; column_padding_position=&#8221;all&#8221; column_element_direction_desktop=&#8221;default&#8221; column_element_spacing=&#8221;default&#8221;&#8230;<\/p>\n","protected":false},"author":1,"featured_media":0,"parent":0,"menu_order":0,"comment_status":"closed","ping_status":"open","template":"","meta":{"footnotes":""},"class_list":["post-2","page","type-page","status-publish"],"yoast_head":"<!-- This site is optimized with the Yoast SEO Premium plugin v27.1 (Yoast SEO v27.5) - https:\/\/yoast.com\/product\/yoast-seo-premium-wordpress\/ -->\n<title>DJ Rafael Moura - DJ Rafael Moura<\/title>\n<meta name=\"description\" content=\"Tendo como principal refer\u00eancia o som de Chicago e Detroit, DJ Rafael Moura se destaca por sets de extremo bom gosto e dom\u00ednio de pista.\" \/>\n<meta name=\"robots\" content=\"index, follow, max-snippet:-1, max-image-preview:large, max-video-preview:-1\" \/>\n<link rel=\"canonical\" href=\"https:\/\/rafaelmoura.net\/music\/\" \/>\n<meta property=\"og:locale\" content=\"pt_BR\" \/>\n<meta property=\"og:type\" content=\"article\" \/>\n<meta property=\"og:title\" content=\"DJ Rafael Moura\" \/>\n<meta property=\"og:description\" content=\"Tendo como principal refer\u00eancia o som de Chicago e Detroit, DJ Rafael Moura se destaca por sets de extremo bom gosto e dom\u00ednio de pista.\" \/>\n<meta property=\"og:url\" content=\"https:\/\/rafaelmoura.net\/music\/\" \/>\n<meta property=\"og:site_name\" content=\"DJ Rafael Moura\" \/>\n<meta property=\"article:publisher\" content=\"https:\/\/www.facebook.com\/djrafaelmoura\" \/>\n<meta property=\"article:modified_time\" content=\"2023-08-19T21:06:34+00:00\" \/>\n<meta name=\"twitter:card\" content=\"summary_large_image\" \/>\n<meta name=\"twitter:site\" content=\"@rafamc\" \/>\n<meta name=\"twitter:label1\" content=\"Est. tempo de leitura\" \/>\n\t<meta name=\"twitter:data1\" content=\"2 minutos\" \/>\n<script type=\"application\/ld+json\" class=\"yoast-schema-graph\">{\"@context\":\"https:\\\/\\\/schema.org\",\"@graph\":[{\"@type\":\"WebPage\",\"@id\":\"https:\\\/\\\/rafaelmoura.net\\\/music\\\/\",\"url\":\"https:\\\/\\\/rafaelmoura.net\\\/music\\\/\",\"name\":\"DJ Rafael Moura - DJ Rafael Moura\",\"isPartOf\":{\"@id\":\"https:\\\/\\\/rafaelmoura.net\\\/music\\\/#website\"},\"datePublished\":\"2021-06-08T03:43:38+00:00\",\"dateModified\":\"2023-08-19T21:06:34+00:00\",\"description\":\"Tendo como principal refer\u00eancia o som de Chicago e Detroit, DJ Rafael Moura se destaca por sets de extremo bom gosto e dom\u00ednio de pista.\",\"breadcrumb\":{\"@id\":\"https:\\\/\\\/rafaelmoura.net\\\/music\\\/#breadcrumb\"},\"inLanguage\":\"pt-BR\",\"potentialAction\":[{\"@type\":\"ReadAction\",\"target\":[\"https:\\\/\\\/rafaelmoura.net\\\/music\\\/\"]}]},{\"@type\":\"BreadcrumbList\",\"@id\":\"https:\\\/\\\/rafaelmoura.net\\\/music\\\/#breadcrumb\",\"itemListElement\":[{\"@type\":\"ListItem\",\"position\":1,\"name\":\"In\u00edcio\",\"item\":\"https:\\\/\\\/rafaelmoura.net\\\/music\\\/\"},{\"@type\":\"ListItem\",\"position\":2,\"name\":\"DJ Rafael Moura\"}]},{\"@type\":\"WebSite\",\"@id\":\"https:\\\/\\\/rafaelmoura.net\\\/music\\\/#website\",\"url\":\"https:\\\/\\\/rafaelmoura.net\\\/music\\\/\",\"name\":\"DJ Rafael Moura\",\"description\":\"M\u00fasica, mixes, remixes, etc\",\"publisher\":{\"@id\":\"https:\\\/\\\/rafaelmoura.net\\\/music\\\/#\\\/schema\\\/person\\\/2f9e1a21f08aaa409d9111637b7e9888\"},\"potentialAction\":[{\"@type\":\"SearchAction\",\"target\":{\"@type\":\"EntryPoint\",\"urlTemplate\":\"https:\\\/\\\/rafaelmoura.net\\\/music\\\/?s={search_term_string}\"},\"query-input\":{\"@type\":\"PropertyValueSpecification\",\"valueRequired\":true,\"valueName\":\"search_term_string\"}}],\"inLanguage\":\"pt-BR\"},{\"@type\":[\"Person\",\"Organization\"],\"@id\":\"https:\\\/\\\/rafaelmoura.net\\\/music\\\/#\\\/schema\\\/person\\\/2f9e1a21f08aaa409d9111637b7e9888\",\"name\":\"DJ Rafael Moura\",\"image\":{\"@type\":\"ImageObject\",\"inLanguage\":\"pt-BR\",\"@id\":\"https:\\\/\\\/rafaelmoura.net\\\/music\\\/wp-content\\\/uploads\\\/2021\\\/08\\\/12719073_732629643504899_4099553996534458365_o.jpg\",\"url\":\"https:\\\/\\\/rafaelmoura.net\\\/music\\\/wp-content\\\/uploads\\\/2021\\\/08\\\/12719073_732629643504899_4099553996534458365_o.jpg\",\"contentUrl\":\"https:\\\/\\\/rafaelmoura.net\\\/music\\\/wp-content\\\/uploads\\\/2021\\\/08\\\/12719073_732629643504899_4099553996534458365_o.jpg\",\"width\":1296,\"height\":864,\"caption\":\"DJ Rafael Moura\"},\"logo\":{\"@id\":\"https:\\\/\\\/rafaelmoura.net\\\/music\\\/wp-content\\\/uploads\\\/2021\\\/08\\\/12719073_732629643504899_4099553996534458365_o.jpg\"},\"description\":\"Rafael Moura come\u00e7ou a tocar em festas de amigos no interior de Minas Gerais e nunca mais parou. Mesmo fora do eixo Rio-SP, o DJ agitou festas, produziu faixas e gravou EPs, mergulhando de cabe\u00e7a no mundo da house music e do techno. J\u00e1 em S\u00e3o Paulo, Rafael tem focado na produ\u00e7\u00e3o musical, al\u00e9m de participar ativamente em v\u00e1rias festas na cidade. Seu \u00faltimo EP \u2013 Sorry, no sorry, recebeu elogios de v\u00e1rios DJs como: Andre Lodemann, Anton Zap, Apparel crew, Laurence Reed, Echonomist, al\u00e9m de men\u00e7\u00e3o na vers\u00e3o brasileira do site THUMP\\\/VICE e no site espanhol OHM-MAG. \u00c9 um dos respons\u00e1veis pela Festa BLOW, em parceria com os veteranos da house paulista Maur\u00edcio UM e Regis UE. Junto com o DJ Spavieri organiza a festa itinerante ODYSSEY, j\u00e1 com duas edi\u00e7\u00f5es no lounge do D-Edge. Com o DJ Le Calve, Moura \u00e9 respons\u00e1vel pelo selo e festa Quitanda, que j\u00e1 passou por diversas casas de SP como Tostex, Neu Club e Skol Beats Factory. Tendo como principal refer\u00eancia o som de Chicago e Detroit, Moura se destaca por sets de extremo bom gosto e dom\u00ednio de pista.\",\"sameAs\":[\"https:\\\/\\\/rafaelmoura.net\\\/music\",\"https:\\\/\\\/www.facebook.com\\\/djrafaelmoura\",\"https:\\\/\\\/www.instagram.com\\\/rmcbr\\\/\",\"https:\\\/\\\/x.com\\\/rafamc\",\"https:\\\/\\\/soundcloud.com\\\/djrafaelmoura\"]}]}<\/script>\n<!-- \/ Yoast SEO Premium plugin. -->","yoast_head_json":{"title":"DJ Rafael Moura - DJ Rafael Moura","description":"Tendo como principal refer\u00eancia o som de Chicago e Detroit, DJ Rafael Moura se destaca por sets de extremo bom gosto e dom\u00ednio de pista.","robots":{"index":"index","follow":"follow","max-snippet":"max-snippet:-1","max-image-preview":"max-image-preview:large","max-video-preview":"max-video-preview:-1"},"canonical":"https:\/\/rafaelmoura.net\/music\/","og_locale":"pt_BR","og_type":"article","og_title":"DJ Rafael Moura","og_description":"Tendo como principal refer\u00eancia o som de Chicago e Detroit, DJ Rafael Moura se destaca por sets de extremo bom gosto e dom\u00ednio de pista.","og_url":"https:\/\/rafaelmoura.net\/music\/","og_site_name":"DJ Rafael Moura","article_publisher":"https:\/\/www.facebook.com\/djrafaelmoura","article_modified_time":"2023-08-19T21:06:34+00:00","twitter_card":"summary_large_image","twitter_site":"@rafamc","twitter_misc":{"Est. tempo de leitura":"2 minutos"},"schema":{"@context":"https:\/\/schema.org","@graph":[{"@type":"WebPage","@id":"https:\/\/rafaelmoura.net\/music\/","url":"https:\/\/rafaelmoura.net\/music\/","name":"DJ Rafael Moura - DJ Rafael Moura","isPartOf":{"@id":"https:\/\/rafaelmoura.net\/music\/#website"},"datePublished":"2021-06-08T03:43:38+00:00","dateModified":"2023-08-19T21:06:34+00:00","description":"Tendo como principal refer\u00eancia o som de Chicago e Detroit, DJ Rafael Moura se destaca por sets de extremo bom gosto e dom\u00ednio de pista.","breadcrumb":{"@id":"https:\/\/rafaelmoura.net\/music\/#breadcrumb"},"inLanguage":"pt-BR","potentialAction":[{"@type":"ReadAction","target":["https:\/\/rafaelmoura.net\/music\/"]}]},{"@type":"BreadcrumbList","@id":"https:\/\/rafaelmoura.net\/music\/#breadcrumb","itemListElement":[{"@type":"ListItem","position":1,"name":"In\u00edcio","item":"https:\/\/rafaelmoura.net\/music\/"},{"@type":"ListItem","position":2,"name":"DJ Rafael Moura"}]},{"@type":"WebSite","@id":"https:\/\/rafaelmoura.net\/music\/#website","url":"https:\/\/rafaelmoura.net\/music\/","name":"DJ Rafael Moura","description":"M\u00fasica, mixes, remixes, etc","publisher":{"@id":"https:\/\/rafaelmoura.net\/music\/#\/schema\/person\/2f9e1a21f08aaa409d9111637b7e9888"},"potentialAction":[{"@type":"SearchAction","target":{"@type":"EntryPoint","urlTemplate":"https:\/\/rafaelmoura.net\/music\/?s={search_term_string}"},"query-input":{"@type":"PropertyValueSpecification","valueRequired":true,"valueName":"search_term_string"}}],"inLanguage":"pt-BR"},{"@type":["Person","Organization"],"@id":"https:\/\/rafaelmoura.net\/music\/#\/schema\/person\/2f9e1a21f08aaa409d9111637b7e9888","name":"DJ Rafael Moura","image":{"@type":"ImageObject","inLanguage":"pt-BR","@id":"https:\/\/rafaelmoura.net\/music\/wp-content\/uploads\/2021\/08\/12719073_732629643504899_4099553996534458365_o.jpg","url":"https:\/\/rafaelmoura.net\/music\/wp-content\/uploads\/2021\/08\/12719073_732629643504899_4099553996534458365_o.jpg","contentUrl":"https:\/\/rafaelmoura.net\/music\/wp-content\/uploads\/2021\/08\/12719073_732629643504899_4099553996534458365_o.jpg","width":1296,"height":864,"caption":"DJ Rafael Moura"},"logo":{"@id":"https:\/\/rafaelmoura.net\/music\/wp-content\/uploads\/2021\/08\/12719073_732629643504899_4099553996534458365_o.jpg"},"description":"Rafael Moura come\u00e7ou a tocar em festas de amigos no interior de Minas Gerais e nunca mais parou. Mesmo fora do eixo Rio-SP, o DJ agitou festas, produziu faixas e gravou EPs, mergulhando de cabe\u00e7a no mundo da house music e do techno. J\u00e1 em S\u00e3o Paulo, Rafael tem focado na produ\u00e7\u00e3o musical, al\u00e9m de participar ativamente em v\u00e1rias festas na cidade. Seu \u00faltimo EP \u2013 Sorry, no sorry, recebeu elogios de v\u00e1rios DJs como: Andre Lodemann, Anton Zap, Apparel crew, Laurence Reed, Echonomist, al\u00e9m de men\u00e7\u00e3o na vers\u00e3o brasileira do site THUMP\/VICE e no site espanhol OHM-MAG. \u00c9 um dos respons\u00e1veis pela Festa BLOW, em parceria com os veteranos da house paulista Maur\u00edcio UM e Regis UE. Junto com o DJ Spavieri organiza a festa itinerante ODYSSEY, j\u00e1 com duas edi\u00e7\u00f5es no lounge do D-Edge. Com o DJ Le Calve, Moura \u00e9 respons\u00e1vel pelo selo e festa Quitanda, que j\u00e1 passou por diversas casas de SP como Tostex, Neu Club e Skol Beats Factory. Tendo como principal refer\u00eancia o som de Chicago e Detroit, Moura se destaca por sets de extremo bom gosto e dom\u00ednio de pista.","sameAs":["https:\/\/rafaelmoura.net\/music","https:\/\/www.facebook.com\/djrafaelmoura","https:\/\/www.instagram.com\/rmcbr\/","https:\/\/x.com\/rafamc","https:\/\/soundcloud.com\/djrafaelmoura"]}]}},"_hostinger_reach_plugin_has_subscription_block":false,"_hostinger_reach_plugin_is_elementor":false,"_links":{"self":[{"href":"https:\/\/rafaelmoura.net\/music\/wp-json\/wp\/v2\/pages\/2","targetHints":{"allow":["GET"]}}],"collection":[{"href":"https:\/\/rafaelmoura.net\/music\/wp-json\/wp\/v2\/pages"}],"about":[{"href":"https:\/\/rafaelmoura.net\/music\/wp-json\/wp\/v2\/types\/page"}],"author":[{"embeddable":true,"href":"https:\/\/rafaelmoura.net\/music\/wp-json\/wp\/v2\/users\/1"}],"replies":[{"embeddable":true,"href":"https:\/\/rafaelmoura.net\/music\/wp-json\/wp\/v2\/comments?post=2"}],"version-history":[{"count":0,"href":"https:\/\/rafaelmoura.net\/music\/wp-json\/wp\/v2\/pages\/2\/revisions"}],"wp:attachment":[{"href":"https:\/\/rafaelmoura.net\/music\/wp-json\/wp\/v2\/media?parent=2"}],"curies":[{"name":"wp","href":"https:\/\/api.w.org\/{rel}","templated":true}]}}